{"id":74,"date":"2020-01-09T12:11:26","date_gmt":"2020-01-09T11:11:26","guid":{"rendered":"https:\/\/roth-cameo.com\/?page_id=74"},"modified":"2020-01-09T12:11:26","modified_gmt":"2020-01-09T11:11:26","slug":"ueber-uns","status":"publish","type":"page","link":"https:\/\/roth-cameo.com\/?page_id=74","title":{"rendered":"\u00dcber uns"},"content":{"rendered":"\n<h2 class=\"wp-block-heading\">Geschichte der Firma<\/h2>\n\n\n\n<p>Die heutige Firma Roth Cameo kann auf eine lange Traditionskette von Edelstein bearbeitenden Berufen zur\u00fcckblicken. Schon der Ururgro\u00dfvater Philipp Roth war im 18. Jahrhundert als Achatschleifer in Idar t\u00e4tig. Der Urgro\u00dfvater Jakob Roth \u00fcbte im 18. Jahrhundert den Beruf eines Goldschmieds aus; sein Sohn August Roth setzte zwischen 1868 und 1910 diese Kunsthandwerker-Tradition fort, und der Vater Walter Roth war von 1907 bis 1957 ein hoch gesch\u00e4tzter Diamantschleifer. Dieter und Andreas Roth sind beide Edelsteingraveur-Meister geworden und haben sich erfolgreich auf die Anfertigung von Gro\u00dfkameen, Unikatgravuren, Portraitgravierungen und au\u00dfergew\u00f6hnlichen Edelstein-Objekten spezialisiert.\u00a0<br>Dieter Roth war \u00fcber 30 Jahre im Gesellen- und Meisterpr\u00fcfungsausschuss der Industrie- und Handelskammer sowie in der Handwerkskammer in Idar-Oberstein t\u00e4tig. Andreas Roth wurde gar mit seinem Gesellenst\u00fcck Landessieger in Rheinland-Pfalz und sp\u00e4ter Bundessieger. Beiden gelang der Sprung vom Kunsthandwerker zum anerkannten K\u00fcnstler.\u00a0\u00a0<br>Idar-Oberstein ist die Stadt, in welcher der weltweit bekannte Edelsteingraveurmeister Richard Hahn lebte und arbeitete. Dieter Roth war ein Sch\u00fcler dieses Meisters und hat \u00fcber 15 Jahre in dessen Betrieb gearbeitet. Dieser Tradition, die man \u00fcber Hahn hinaus bis zu August Rudolf Wild zur\u00fcck f\u00fchren kann, f\u00fchlt sich auch Andreas Roth verpflichtet und m\u00f6chte sie im Sinne seiner Vorfahren erfolgreich fortsetzen.<\/p>\n","protected":false},"excerpt":{"rendered":"<p>Geschichte der Firma Die heutige Firma Roth Cameo kann auf eine lange Traditionskette von Edelstein bearbeitenden Berufen zur\u00fcckblicken. Schon der Ururgro\u00dfvater Philipp Roth war im 18. Jahrhundert als Achatschleifer in Idar t\u00e4tig. Der Urgro\u00dfvater Jakob Roth \u00fcbte im 18. Jahrhundert den Beruf eines Goldschmieds aus; sein Sohn August Roth setzte zwischen 1868 und 1910 diese [&hellip;]<\/p>\n","protected":false},"author":1,"featured_media":0,"parent":0,"menu_order":0,"comment_status":"closed","ping_status":"closed","template":"","meta":{"footnotes":""},"class_list":["post-74","page","type-page","status-publish","hentry"],"_links":{"self":[{"href":"https:\/\/roth-cameo.com\/index.php?rest_route=\/wp\/v2\/pages\/74","targetHints":{"allow":["GET"]}}],"collection":[{"href":"https:\/\/roth-cameo.com\/index.php?rest_route=\/wp\/v2\/pages"}],"about":[{"href":"https:\/\/roth-cameo.com\/index.php?rest_route=\/wp\/v2\/types\/page"}],"author":[{"embeddable":true,"href":"https:\/\/roth-cameo.com\/index.php?rest_route=\/wp\/v2\/users\/1"}],"replies":[{"embeddable":true,"href":"https:\/\/roth-cameo.com\/index.php?rest_route=%2Fwp%2Fv2%2Fcomments&post=74"}],"version-history":[{"count":1,"href":"https:\/\/roth-cameo.com\/index.php?rest_route=\/wp\/v2\/pages\/74\/revisions"}],"predecessor-version":[{"id":76,"href":"https:\/\/roth-cameo.com\/index.php?rest_route=\/wp\/v2\/pages\/74\/revisions\/76"}],"wp:attachment":[{"href":"https:\/\/roth-cameo.com\/index.php?rest_route=%2Fwp%2Fv2%2Fmedia&parent=74"}],"curies":[{"name":"wp","href":"https:\/\/api.w.org\/{rel}","templated":true}]}}