{"id":34,"date":"2019-12-16T18:43:58","date_gmt":"2019-12-16T18:43:58","guid":{"rendered":"https:\/\/roth-cameo.com\/?page_id=34"},"modified":"2020-08-21T05:51:37","modified_gmt":"2020-08-21T04:51:37","slug":"startseite","status":"publish","type":"page","link":"https:\/\/roth-cameo.com\/","title":{"rendered":"Startseite"},"content":{"rendered":"\n<p class=\"has-text-align-left\"><strong>Wem die Natur ihr offenbares&nbsp;<\/strong><br><strong>Geheimnis zu enth\u00fcllen&nbsp;<\/strong><br><strong>anf\u00e4ngt, der empfindet eine&nbsp;<\/strong><br><strong>unwiderstehliche Sehnsucht&nbsp;<\/strong><br><strong>nach ihrer w\u00fcrdigsten Auslegerin, <\/strong><br><strong>der Kuns<\/strong>t.    <\/p>\n\n\n\n<p class=\"has-text-align-left\"> <img loading=\"lazy\" decoding=\"async\" width=\"150\" height=\"189\" class=\"wp-image-81\" style=\"width: 150px;\" src=\"https:\/\/roth-cameo.com\/wp-content\/uploads\/2020\/01\/Faust1.jpg\" alt=\"\" srcset=\"https:\/\/roth-cameo.com\/wp-content\/uploads\/2020\/01\/Faust1.jpg 475w, https:\/\/roth-cameo.com\/wp-content\/uploads\/2020\/01\/Faust1-238x300.jpg 238w\" sizes=\"auto, (max-width: 150px) 100vw, 150px\" \/><\/p>\n","protected":false},"excerpt":{"rendered":"<p>Wem die Natur ihr offenbares&nbsp;Geheimnis zu enth\u00fcllen&nbsp;anf\u00e4ngt, der empfindet eine&nbsp;unwiderstehliche Sehnsucht&nbsp;nach ihrer w\u00fcrdigsten Auslegerin, der Kunst.<\/p>\n","protected":false},"author":1,"featured_media":0,"parent":0,"menu_order":0,"comment_status":"closed","ping_status":"closed","template":"","meta":{"footnotes":""},"class_list":["post-34","page","type-page","status-publish","hentry"],"_links":{"self":[{"href":"https:\/\/roth-cameo.com\/index.php?rest_route=\/wp\/v2\/pages\/34","targetHints":{"allow":["GET"]}}],"collection":[{"href":"https:\/\/roth-cameo.com\/index.php?rest_route=\/wp\/v2\/pages"}],"about":[{"href":"https:\/\/roth-cameo.com\/index.php?rest_route=\/wp\/v2\/types\/page"}],"author":[{"embeddable":true,"href":"https:\/\/roth-cameo.com\/index.php?rest_route=\/wp\/v2\/users\/1"}],"replies":[{"embeddable":true,"href":"https:\/\/roth-cameo.com\/index.php?rest_route=%2Fwp%2Fv2%2Fcomments&post=34"}],"version-history":[{"count":11,"href":"https:\/\/roth-cameo.com\/index.php?rest_route=\/wp\/v2\/pages\/34\/revisions"}],"predecessor-version":[{"id":110,"href":"https:\/\/roth-cameo.com\/index.php?rest_route=\/wp\/v2\/pages\/34\/revisions\/110"}],"wp:attachment":[{"href":"https:\/\/roth-cameo.com\/index.php?rest_route=%2Fwp%2Fv2%2Fmedia&parent=34"}],"curies":[{"name":"wp","href":"https:\/\/api.w.org\/{rel}","templated":true}]}}